{"id":3223,"date":"2025-06-11T08:15:37","date_gmt":"2025-06-11T08:15:37","guid":{"rendered":"https:\/\/www.leisurelogic.nl\/?page_id=3223"},"modified":"2025-09-02T06:42:42","modified_gmt":"2025-09-02T06:42:42","slug":"max","status":"publish","type":"page","link":"https:\/\/www.leisurelogic.nl\/de\/max\/","title":{"rendered":"Max"},"content":{"rendered":"\n<h1 class=\"wp-block-heading\">Entdecke den Komfort eines KI Smart Assistant<\/h1>\n\n\n\n<p>Der KI Smart Assistant MAX steckt voller intelligenter Funktionen, die f\u00fcr zufriedene Besucher und mehr G\u00e4ste sorgen. Vom Beantworten h\u00e4ufig gestellter Fragen bis hin zur Unterst\u00fctzung bei der Suche und Buchung \u2013 MAX kann das alles.<\/p>\n\n\n\n<p>Neugierig, was MAX alles kann? Hier erfahren Sie alles \u00fcber die M\u00f6glichkeiten.<\/p>\n\n\n<style type='text\/css'>\n        #tz-spacer-69e1b7c4356fe {\n            \n        }\n    <\/style><div id='tz-spacer-69e1b7c4356fe' class='tz-spacer'><\/div>\n\n<div style=\"margin-top: -40px; margin-bottom: px;\" class=\"tz-omenom-container image-right color-kleur3 lijn\"><div class=\"container\"><div class=\"col6 omenom-image\"><img loading=\"lazy\" decoding=\"async\" width=\"1000\" height=\"1000\" src=\"https:\/\/www.leisurelogic.nl\/wp-content\/uploads\/2025\/06\/6.webp\" class=\"attachment-large size-large not-transparent\" alt=\"\" srcset=\"https:\/\/www.leisurelogic.nl\/wp-content\/uploads\/2025\/06\/6.webp 1000w, https:\/\/www.leisurelogic.nl\/wp-content\/uploads\/2025\/06\/6-750x750.webp 750w, https:\/\/www.leisurelogic.nl\/wp-content\/uploads\/2025\/06\/6-500x500.webp 500w, https:\/\/www.leisurelogic.nl\/wp-content\/uploads\/2025\/06\/6-768x768.webp 768w\" sizes=\"auto, (max-width: 1000px) 100vw, 1000px\" data-has-transparency=\"false\" data-dominant-color=\"8c7e72\" style=\"--dominant-color: #8c7e72;\" \/><\/div><div class=\"col4 omenom-content\"><h3>Wie m\u00f6chten Sie [kommunizieren]?<\/h3><div class=\"omenom-editor\"><p data-start=\"0\" data-end=\"196\">Der KI Smart Assistant kann \u00fcber Chat, E-Mail oder WhatsApp kommunizieren \u2013 auf Ihrer Website oder in Ihrer App. Nachrichten k\u00f6nnen eingetippt oder eingesprochen werden, und das in allen Sprachen.<\/p>\n<p data-start=\"198\" data-end=\"262\" data-is-last-node=\"\" data-is-only-node=\"\">Das nennen wir Kommunikation ganz nach den W\u00fcnschen Ihrer G\u00e4ste.<\/p>\n<\/div><a href=\"https:\/\/www.leisurelogic.nl\/de\/demo-planen\/\" class=\"omenom-button btn\">Testen Sie jetzt 14 Tage kostenlos<\/a><\/div><\/div><\/div>\n\n<div style=\"margin-top: -40px; margin-bottom: px;\" class=\"tz-omenom-container image-left color-kleur3 lijn\"><div class=\"container\"><div class=\"col6 omenom-image\"><img loading=\"lazy\" decoding=\"async\" width=\"1000\" height=\"1000\" src=\"https:\/\/www.leisurelogic.nl\/wp-content\/uploads\/2025\/06\/3.webp\" class=\"attachment-large size-large not-transparent\" alt=\"\" srcset=\"https:\/\/www.leisurelogic.nl\/wp-content\/uploads\/2025\/06\/3.webp 1000w, https:\/\/www.leisurelogic.nl\/wp-content\/uploads\/2025\/06\/3-750x750.webp 750w, https:\/\/www.leisurelogic.nl\/wp-content\/uploads\/2025\/06\/3-500x500.webp 500w, https:\/\/www.leisurelogic.nl\/wp-content\/uploads\/2025\/06\/3-768x768.webp 768w\" sizes=\"auto, (max-width: 1000px) 100vw, 1000px\" data-has-transparency=\"false\" data-dominant-color=\"898c86\" style=\"--dominant-color: #898c86;\" \/><\/div><div class=\"col4 omenom-content\"><h3>Speziell f\u00fcr die [Freizeit- und Tourismusbranche]<\/h3><div class=\"omenom-editor\"><p data-start=\"0\" data-end=\"269\">Der KI Smart Assistant MAX ist die ideale L\u00f6sung f\u00fcr die Freizeitbranche. Durch die Anbindung an Reservierungssoftware kann MAX in Echtzeit Preise und Verf\u00fcgbarkeiten abrufen. Sind alle Unterk\u00fcnfte oder Stellpl\u00e4tze ausgebucht, schl\u00e4gt sie passende Alternativen vor.<\/p>\n<p data-start=\"271\" data-end=\"328\" data-is-last-node=\"\" data-is-only-node=\"\">MAX denkt mit \u2013 genau wie eine Rezeptionsmitarbeiterin.<\/p>\n<\/div><a href=\"https:\/\/www.leisurelogic.nl\/de\/demo-planen\/\" class=\"omenom-button btn\">Testen Sie jetzt 14 Tage kostenlos<\/a><\/div><\/div><\/div>\n\n<div style=\"margin-top: -40px; margin-bottom: px;\" class=\"tz-omenom-container image-right color-kleur3 lijn\"><div class=\"container\"><div class=\"col6 omenom-image\"><img loading=\"lazy\" decoding=\"async\" width=\"1000\" height=\"1000\" src=\"https:\/\/www.leisurelogic.nl\/wp-content\/uploads\/2025\/06\/5.webp\" class=\"attachment-large size-large not-transparent\" alt=\"\" srcset=\"https:\/\/www.leisurelogic.nl\/wp-content\/uploads\/2025\/06\/5.webp 1000w, https:\/\/www.leisurelogic.nl\/wp-content\/uploads\/2025\/06\/5-750x750.webp 750w, https:\/\/www.leisurelogic.nl\/wp-content\/uploads\/2025\/06\/5-500x500.webp 500w, https:\/\/www.leisurelogic.nl\/wp-content\/uploads\/2025\/06\/5-768x768.webp 768w\" sizes=\"auto, (max-width: 1000px) 100vw, 1000px\" data-has-transparency=\"false\" data-dominant-color=\"918883\" style=\"--dominant-color: #918883;\" \/><\/div><div class=\"col4 omenom-content\"><h3>Schnittstellen sorgen f\u00fcr [zus\u00e4tzlichen Komfort]<\/h3><div class=\"omenom-editor\"><p>Nutzen Sie die Anbindungen an Reservierungssoftware und lassen Sie MAX in Echtzeit Preise und Verf\u00fcgbarkeiten pr\u00fcfen.<\/p>\n<p><br data-start=\"119\" data-end=\"122\" \/>Auch Wander- und Fahrradrouten, Ausflugsplattformen und weitere Schnittstellen helfen dabei, dass MAX Ihre G\u00e4ste noch besser informieren kann.<\/p>\n<\/div><a href=\"https:\/\/www.leisurelogic.nl\/de\/demo-planen\/\" class=\"omenom-button btn\">Plan een demo<\/a><\/div><\/div><\/div>\n\n<div style=\"margin-top: -40px; margin-bottom: px;\" class=\"tz-omenom-container image-left color-kleur3 lijn\"><div class=\"container\"><div class=\"col6 omenom-image\"><img loading=\"lazy\" decoding=\"async\" width=\"1000\" height=\"1000\" src=\"https:\/\/www.leisurelogic.nl\/wp-content\/uploads\/2025\/06\/backend1.webp\" class=\"attachment-large size-large not-transparent\" alt=\"\" srcset=\"https:\/\/www.leisurelogic.nl\/wp-content\/uploads\/2025\/06\/backend1.webp 1000w, https:\/\/www.leisurelogic.nl\/wp-content\/uploads\/2025\/06\/backend1-750x750.webp 750w, https:\/\/www.leisurelogic.nl\/wp-content\/uploads\/2025\/06\/backend1-500x500.webp 500w, https:\/\/www.leisurelogic.nl\/wp-content\/uploads\/2025\/06\/backend1-768x768.webp 768w\" sizes=\"auto, (max-width: 1000px) 100vw, 1000px\" data-has-transparency=\"false\" data-dominant-color=\"aaa7a5\" style=\"--dominant-color: #aaa7a5;\" \/><\/div><div class=\"col4 omenom-content\"><h3>[Personalisieren] Sie Ihren AI Assistant<\/h3><div class=\"omenom-editor\"><p data-start=\"0\" data-end=\"136\">Sie k\u00f6nnen den KI Smart Assistant vollst\u00e4ndig personalisieren, damit er optimal zu Ihrem Unternehmen und Ihrem Kommunikationsstil passt.<\/p>\n<ul data-start=\"138\" data-end=\"332\" data-is-last-node=\"\" data-is-only-node=\"\">\n<li data-start=\"138\" data-end=\"196\">\n<p data-start=\"140\" data-end=\"196\">Dokumente wie Hausordnungen oder Anleitungen hochladen<\/p>\n<\/li>\n<li data-start=\"197\" data-end=\"233\">\n<p data-start=\"199\" data-end=\"233\">Informationen manuell hinzuf\u00fcgen<\/p>\n<\/li>\n<li data-start=\"234\" data-end=\"273\">\n<p data-start=\"236\" data-end=\"273\">Mit externen Plattformen verkn\u00fcpfen<\/p>\n<\/li>\n<li data-start=\"274\" data-end=\"292\">\n<p data-start=\"276\" data-end=\"292\">Namen anpassen<\/p>\n<\/li>\n<li data-start=\"293\" data-end=\"332\" data-is-last-node=\"\">\n<p data-start=\"295\" data-end=\"332\" data-is-last-node=\"\">Farbgestaltung individuell einstellen<\/p>\n<\/li>\n<\/ul>\n<\/div><a href=\"https:\/\/www.leisurelogic.nl\/de\/demo-planen\/\" class=\"omenom-button btn\">Ja, Ich m\u00f6chte einen KI Assistenten<\/a><\/div><\/div><\/div>\n\n<div style=\"margin-top: -40px; margin-bottom: px;\" class=\"tz-omenom-container image-right color-kleur3 geenlijn\"><div class=\"container\"><div class=\"col6 omenom-image\"><img loading=\"lazy\" decoding=\"async\" width=\"1000\" height=\"1000\" src=\"https:\/\/www.leisurelogic.nl\/wp-content\/uploads\/2025\/06\/home.webp\" class=\"attachment-large size-large not-transparent\" alt=\"\" srcset=\"https:\/\/www.leisurelogic.nl\/wp-content\/uploads\/2025\/06\/home.webp 1000w, https:\/\/www.leisurelogic.nl\/wp-content\/uploads\/2025\/06\/home-750x750.webp 750w, https:\/\/www.leisurelogic.nl\/wp-content\/uploads\/2025\/06\/home-500x500.webp 500w, https:\/\/www.leisurelogic.nl\/wp-content\/uploads\/2025\/06\/home-768x768.webp 768w\" sizes=\"auto, (max-width: 1000px) 100vw, 1000px\" data-has-transparency=\"false\" data-dominant-color=\"828875\" style=\"--dominant-color: #828875;\" \/><\/div><div class=\"col4 omenom-content\"><h3>In nur [3 Schritten] online<\/h3><div class=\"omenom-editor\"><ul>\n<li>Wir erstellen ein Konto f\u00fcr Sie<\/li>\n<li>Geben Sie MAX die Informationen, die sie braucht<\/li>\n<li>Integrieren Sie den KI Assistant in Ihre Website<\/li>\n<\/ul>\n<p>MAX ist einsatzbereit!<\/p>\n<\/div><a href=\"https:\/\/www.leisurelogic.nl\/de\/demo-planen\/\" class=\"omenom-button btn\">Ja, Ich m\u00f6chte einen KI Assistenten<\/a><\/div><\/div><\/div>","protected":false},"excerpt":{"rendered":"<p>Entdecke den Komfort eines KI Smart Assistant Der KI Smart Assistant MAX steckt voller intelligenter Funktionen, die f\u00fcr zufriedene Besucher und mehr G\u00e4ste sorgen. Vom Beantworten h\u00e4ufig gestellter Fragen bis hin zur Unterst\u00fctzung bei der Suche und Buchung \u2013 MAX kann das alles. Neugierig, was MAX alles kann? Hier erfahren Sie alles \u00fcber die M\u00f6glichkeiten.<\/p>\n","protected":false},"author":2,"featured_media":0,"parent":0,"menu_order":0,"comment_status":"closed","ping_status":"closed","template":"","meta":{"_acf_changed":false,"footnotes":""},"class_list":["post-3223","page","type-page","status-publish","hentry"],"acf":[],"yoast_head":"<!-- This site is optimized with the Yoast SEO plugin v25.3 - https:\/\/yoast.com\/wordpress\/plugins\/seo\/ -->\n<title>Max | Leisure Logic<\/title>\n<meta name=\"robots\" content=\"index, follow, max-snippet:-1, max-image-preview:large, max-video-preview:-1\" \/>\n<link rel=\"canonical\" href=\"https:\/\/www.leisurelogic.nl\/de\/max\/\" \/>\n<meta property=\"og:locale\" content=\"de_DE\" \/>\n<meta property=\"og:type\" content=\"article\" \/>\n<meta property=\"og:title\" content=\"Max | Leisure Logic\" \/>\n<meta property=\"og:description\" content=\"Entdecke den Komfort eines KI Smart Assistant Der KI Smart Assistant MAX steckt voller intelligenter Funktionen, die f\u00fcr zufriedene Besucher und mehr G\u00e4ste sorgen. Vom Beantworten h\u00e4ufig gestellter Fragen bis hin zur Unterst\u00fctzung bei der Suche und Buchung \u2013 MAX kann das alles. Neugierig, was MAX alles kann? Hier erfahren Sie alles \u00fcber die M\u00f6glichkeiten.\" \/>\n<meta property=\"og:url\" content=\"https:\/\/www.leisurelogic.nl\/de\/max\/\" \/>\n<meta property=\"og:site_name\" content=\"Leisure Logic\" \/>\n<meta property=\"article:modified_time\" content=\"2025-09-02T06:42:42+00:00\" \/>\n<meta property=\"og:image\" content=\"https:\/\/www.leisurelogic.nl\/wp-content\/uploads\/2025\/06\/6.webp\" \/>\n\t<meta property=\"og:image:width\" content=\"1000\" \/>\n\t<meta property=\"og:image:height\" content=\"1000\" \/>\n\t<meta property=\"og:image:type\" content=\"image\/jpeg\" \/>\n<meta name=\"twitter:card\" content=\"summary_large_image\" \/>\n<meta name=\"twitter:label1\" content=\"Gesch\u00e4tzte Lesezeit\" \/>\n\t<meta name=\"twitter:data1\" content=\"1\u00a0Minute\" \/>\n<script type=\"application\/ld+json\" class=\"yoast-schema-graph\">{\"@context\":\"https:\/\/schema.org\",\"@graph\":[{\"@type\":\"WebPage\",\"@id\":\"https:\/\/www.leisurelogic.nl\/de\/max\/\",\"url\":\"https:\/\/www.leisurelogic.nl\/de\/max\/\",\"name\":\"Max | Leisure Logic\",\"isPartOf\":{\"@id\":\"https:\/\/www.leisurelogic.nl\/#website\"},\"datePublished\":\"2025-06-11T08:15:37+00:00\",\"dateModified\":\"2025-09-02T06:42:42+00:00\",\"breadcrumb\":{\"@id\":\"https:\/\/www.leisurelogic.nl\/de\/max\/#breadcrumb\"},\"inLanguage\":\"de\",\"potentialAction\":[{\"@type\":\"ReadAction\",\"target\":[\"https:\/\/www.leisurelogic.nl\/de\/max\/\"]}]},{\"@type\":\"BreadcrumbList\",\"@id\":\"https:\/\/www.leisurelogic.nl\/de\/max\/#breadcrumb\",\"itemListElement\":[{\"@type\":\"ListItem\",\"position\":1,\"name\":\"Home\",\"item\":\"https:\/\/www.leisurelogic.nl\/de\/\"},{\"@type\":\"ListItem\",\"position\":2,\"name\":\"Max\"}]},{\"@type\":\"WebSite\",\"@id\":\"https:\/\/www.leisurelogic.nl\/#website\",\"url\":\"https:\/\/www.leisurelogic.nl\/\",\"name\":\"Leisure Logic\",\"description\":\"Nr. 1 in slimme technologie voor de recreatiebranche\",\"publisher\":{\"@id\":\"https:\/\/www.leisurelogic.nl\/#organization\"},\"potentialAction\":[{\"@type\":\"SearchAction\",\"target\":{\"@type\":\"EntryPoint\",\"urlTemplate\":\"https:\/\/www.leisurelogic.nl\/?s={search_term_string}\"},\"query-input\":{\"@type\":\"PropertyValueSpecification\",\"valueRequired\":true,\"valueName\":\"search_term_string\"}}],\"inLanguage\":\"de\"},{\"@type\":\"Organization\",\"@id\":\"https:\/\/www.leisurelogic.nl\/#organization\",\"name\":\"Leisure Logic\",\"url\":\"https:\/\/www.leisurelogic.nl\/\",\"logo\":{\"@type\":\"ImageObject\",\"inLanguage\":\"de\",\"@id\":\"https:\/\/www.leisurelogic.nl\/#\/schema\/logo\/image\/\",\"url\":\"https:\/\/www.leisurelogic.nl\/wp-content\/uploads\/2025\/06\/LeisureLogic-profielfoto.webp\",\"contentUrl\":\"https:\/\/www.leisurelogic.nl\/wp-content\/uploads\/2025\/06\/LeisureLogic-profielfoto.webp\",\"width\":1000,\"height\":1000,\"caption\":\"Leisure Logic\"},\"image\":{\"@id\":\"https:\/\/www.leisurelogic.nl\/#\/schema\/logo\/image\/\"}}]}<\/script>\n<!-- \/ Yoast SEO plugin. -->","yoast_head_json":{"title":"Max | Leisure Logic","robots":{"index":"index","follow":"follow","max-snippet":"max-snippet:-1","max-image-preview":"max-image-preview:large","max-video-preview":"max-video-preview:-1"},"canonical":"https:\/\/www.leisurelogic.nl\/de\/max\/","og_locale":"de_DE","og_type":"article","og_title":"Max | Leisure Logic","og_description":"Entdecke den Komfort eines KI Smart Assistant Der KI Smart Assistant MAX steckt voller intelligenter Funktionen, die f\u00fcr zufriedene Besucher und mehr G\u00e4ste sorgen. Vom Beantworten h\u00e4ufig gestellter Fragen bis hin zur Unterst\u00fctzung bei der Suche und Buchung \u2013 MAX kann das alles. Neugierig, was MAX alles kann? Hier erfahren Sie alles \u00fcber die M\u00f6glichkeiten.","og_url":"https:\/\/www.leisurelogic.nl\/de\/max\/","og_site_name":"Leisure Logic","article_modified_time":"2025-09-02T06:42:42+00:00","og_image":[{"width":1000,"height":1000,"url":"https:\/\/www.leisurelogic.nl\/wp-content\/uploads\/2025\/06\/6.webp","type":"image\/jpeg"}],"twitter_card":"summary_large_image","twitter_misc":{"Gesch\u00e4tzte Lesezeit":"1\u00a0Minute"},"schema":{"@context":"https:\/\/schema.org","@graph":[{"@type":"WebPage","@id":"https:\/\/www.leisurelogic.nl\/de\/max\/","url":"https:\/\/www.leisurelogic.nl\/de\/max\/","name":"Max | Leisure Logic","isPartOf":{"@id":"https:\/\/www.leisurelogic.nl\/#website"},"datePublished":"2025-06-11T08:15:37+00:00","dateModified":"2025-09-02T06:42:42+00:00","breadcrumb":{"@id":"https:\/\/www.leisurelogic.nl\/de\/max\/#breadcrumb"},"inLanguage":"de","potentialAction":[{"@type":"ReadAction","target":["https:\/\/www.leisurelogic.nl\/de\/max\/"]}]},{"@type":"BreadcrumbList","@id":"https:\/\/www.leisurelogic.nl\/de\/max\/#breadcrumb","itemListElement":[{"@type":"ListItem","position":1,"name":"Home","item":"https:\/\/www.leisurelogic.nl\/de\/"},{"@type":"ListItem","position":2,"name":"Max"}]},{"@type":"WebSite","@id":"https:\/\/www.leisurelogic.nl\/#website","url":"https:\/\/www.leisurelogic.nl\/","name":"Leisure Logic","description":"Nr. 1 in slimme technologie voor de recreatiebranche","publisher":{"@id":"https:\/\/www.leisurelogic.nl\/#organization"},"potentialAction":[{"@type":"SearchAction","target":{"@type":"EntryPoint","urlTemplate":"https:\/\/www.leisurelogic.nl\/?s={search_term_string}"},"query-input":{"@type":"PropertyValueSpecification","valueRequired":true,"valueName":"search_term_string"}}],"inLanguage":"de"},{"@type":"Organization","@id":"https:\/\/www.leisurelogic.nl\/#organization","name":"Leisure Logic","url":"https:\/\/www.leisurelogic.nl\/","logo":{"@type":"ImageObject","inLanguage":"de","@id":"https:\/\/www.leisurelogic.nl\/#\/schema\/logo\/image\/","url":"https:\/\/www.leisurelogic.nl\/wp-content\/uploads\/2025\/06\/LeisureLogic-profielfoto.webp","contentUrl":"https:\/\/www.leisurelogic.nl\/wp-content\/uploads\/2025\/06\/LeisureLogic-profielfoto.webp","width":1000,"height":1000,"caption":"Leisure Logic"},"image":{"@id":"https:\/\/www.leisurelogic.nl\/#\/schema\/logo\/image\/"}}]}},"_links":{"self":[{"href":"https:\/\/www.leisurelogic.nl\/de\/wp-json\/wp\/v2\/pages\/3223","targetHints":{"allow":["GET"]}}],"collection":[{"href":"https:\/\/www.leisurelogic.nl\/de\/wp-json\/wp\/v2\/pages"}],"about":[{"href":"https:\/\/www.leisurelogic.nl\/de\/wp-json\/wp\/v2\/types\/page"}],"author":[{"embeddable":true,"href":"https:\/\/www.leisurelogic.nl\/de\/wp-json\/wp\/v2\/users\/2"}],"replies":[{"embeddable":true,"href":"https:\/\/www.leisurelogic.nl\/de\/wp-json\/wp\/v2\/comments?post=3223"}],"version-history":[{"count":8,"href":"https:\/\/www.leisurelogic.nl\/de\/wp-json\/wp\/v2\/pages\/3223\/revisions"}],"predecessor-version":[{"id":3320,"href":"https:\/\/www.leisurelogic.nl\/de\/wp-json\/wp\/v2\/pages\/3223\/revisions\/3320"}],"wp:attachment":[{"href":"https:\/\/www.leisurelogic.nl\/de\/wp-json\/wp\/v2\/media?parent=3223"}],"curies":[{"name":"wp","href":"https:\/\/api.w.org\/{rel}","templated":true}]}}